{"id":252,"date":"2021-08-18T05:35:45","date_gmt":"2021-08-18T05:35:45","guid":{"rendered":"http:\/\/www.boknas.cz.uvirt129.active24.cz\/?page_id=252"},"modified":"2023-03-28T08:04:34","modified_gmt":"2023-03-28T08:04:34","slug":"about","status":"publish","type":"page","link":"https:\/\/www.boknas.cz\/?page_id=252","title":{"rendered":"O firm\u011b"},"content":{"rendered":"\t\t<div data-elementor-type=\"wp-page\" data-elementor-id=\"252\" class=\"elementor elementor-252\">\n\t\t\t\t\t\t\t\t\t<section class=\"elementor-section elementor-top-section elementor-element elementor-element-95eebdf elementor-section-boxed elementor-section-height-default elementor-section-height-default\" data-id=\"95eebdf\" data-element_type=\"section\" data-settings=\"{&quot;background_background&quot;:&quot;classic&quot;}\">\n\t\t\t\t\t\t<div class=\"elementor-container elementor-column-gap-no\">\n\t\t\t\t\t<div class=\"elementor-column elementor-col-100 elementor-top-column elementor-element elementor-element-3700ce5\" data-id=\"3700ce5\" data-element_type=\"column\">\n\t\t\t<div class=\"elementor-widget-wrap elementor-element-populated\">\n\t\t\t\t\t\t\t\t<section class=\"elementor-section elementor-inner-section elementor-element elementor-element-ebc51e3 elementor-section-boxed elementor-section-height-default elementor-section-height-default\" data-id=\"ebc51e3\" data-element_type=\"section\">\n\t\t\t\t\t\t<div class=\"elementor-container elementor-column-gap-no\">\n\t\t\t\t\t<div class=\"elementor-column elementor-col-33 elementor-inner-column elementor-element elementor-element-caa43ea\" data-id=\"caa43ea\" data-element_type=\"column\">\n\t\t\t<div class=\"elementor-widget-wrap elementor-element-populated\">\n\t\t\t\t\t\t\t\t<div class=\"elementor-element elementor-element-4e4a19d elementor-widget elementor-widget-heading\" data-id=\"4e4a19d\" data-element_type=\"widget\" data-widget_type=\"heading.default\">\n\t\t\t\t<div class=\"elementor-widget-container\">\n\t\t\t<style>\/*! elementor - v3.11.5 - 14-03-2023 *\/\n.elementor-heading-title{padding:0;margin:0;line-height:1}.elementor-widget-heading .elementor-heading-title[class*=elementor-size-]>a{color:inherit;font-size:inherit;line-height:inherit}.elementor-widget-heading .elementor-heading-title.elementor-size-small{font-size:15px}.elementor-widget-heading .elementor-heading-title.elementor-size-medium{font-size:19px}.elementor-widget-heading .elementor-heading-title.elementor-size-large{font-size:29px}.elementor-widget-heading .elementor-heading-title.elementor-size-xl{font-size:39px}.elementor-widget-heading .elementor-heading-title.elementor-size-xxl{font-size:59px}<\/style><h1 class=\"elementor-heading-title elementor-size-default\">O firm\u011b<\/h1>\t\t<\/div>\n\t\t\t\t<\/div>\n\t\t\t\t\t<\/div>\n\t\t<\/div>\n\t\t\t\t<div class=\"elementor-column elementor-col-66 elementor-inner-column elementor-element elementor-element-fc22abd\" data-id=\"fc22abd\" data-element_type=\"column\">\n\t\t\t<div class=\"elementor-widget-wrap elementor-element-populated\">\n\t\t\t\t\t\t\t\t<div class=\"elementor-element elementor-element-cefbdab elementor-widget elementor-widget-image\" data-id=\"cefbdab\" data-element_type=\"widget\" data-widget_type=\"image.default\">\n\t\t\t\t<div class=\"elementor-widget-container\">\n\t\t\t<style>\/*! elementor - v3.11.5 - 14-03-2023 *\/\n.elementor-widget-image{text-align:center}.elementor-widget-image a{display:inline-block}.elementor-widget-image a img[src$=\".svg\"]{width:48px}.elementor-widget-image img{vertical-align:middle;display:inline-block}<\/style>\t\t\t\t\t\t\t\t\t\t\t\t<img loading=\"lazy\" decoding=\"async\" width=\"148\" height=\"101\" src=\"https:\/\/www.boknas.cz\/wp-content\/uploads\/2023\/03\/bjorknas_logo_web.jpg\" class=\"attachment-thumbnail size-thumbnail wp-image-1425\" alt=\"\" \/>\t\t\t\t\t\t\t\t\t\t\t\t\t\t\t<\/div>\n\t\t\t\t<\/div>\n\t\t\t\t<div class=\"elementor-element elementor-element-41fbad1 elementor-widget elementor-widget-text-editor\" data-id=\"41fbad1\" data-element_type=\"widget\" data-widget_type=\"text-editor.default\">\n\t\t\t\t<div class=\"elementor-widget-container\">\n\t\t\t<style>\/*! elementor - v3.11.5 - 14-03-2023 *\/\n.elementor-widget-text-editor.elementor-drop-cap-view-stacked .elementor-drop-cap{background-color:#818a91;color:#fff}.elementor-widget-text-editor.elementor-drop-cap-view-framed .elementor-drop-cap{color:#818a91;border:3px solid;background-color:transparent}.elementor-widget-text-editor:not(.elementor-drop-cap-view-default) .elementor-drop-cap{margin-top:8px}.elementor-widget-text-editor:not(.elementor-drop-cap-view-default) .elementor-drop-cap-letter{width:1em;height:1em}.elementor-widget-text-editor .elementor-drop-cap{float:left;text-align:center;line-height:1;font-size:50px}.elementor-widget-text-editor .elementor-drop-cap-letter{display:inline-block}<\/style>\t\t\t\t<p>Z\u00e1liba v antikv\u00e1rn\u00edch knih\u00e1ch a historick\u00e9m n\u00e1bytku byla inspirac\u00ed pro finskou rodinnou firmu, kter\u00e1 za\u010d\u00e1tkem 90. let 20. stolet\u00ed znovu o\u017eivila pod zna\u010dkou BJ\u00d6RKNAS v\u00fdrobu tradi\u010dn\u00edho a osv\u011bd\u010den\u00e9ho n\u00e1bytku, kter\u00fd je v \u010cesk\u00e9 republice zn\u00e1m\u00fd p\u0159edev\u0161\u00edm pod synonymem &#8222;americk\u00e9 knihovny&#8220; a &#8222;americk\u00e9 psac\u00ed stoly&#8220;.<\/p><p>\u00a0<\/p>\t\t\t\t\t\t<\/div>\n\t\t\t\t<\/div>\n\t\t\t\t<div class=\"elementor-element elementor-element-4a1b325 elementor-widget elementor-widget-image\" data-id=\"4a1b325\" data-element_type=\"widget\" data-widget_type=\"image.default\">\n\t\t\t\t<div class=\"elementor-widget-container\">\n\t\t\t\t\t\t\t\t\t\t\t\t\t\t\t<img loading=\"lazy\" decoding=\"async\" width=\"200\" height=\"50\" src=\"https:\/\/www.boknas.cz\/wp-content\/uploads\/2023\/03\/Boknas_logo_cb_200x50.jpg\" class=\"attachment-full size-full wp-image-2065\" alt=\"\" \/>\t\t\t\t\t\t\t\t\t\t\t\t\t\t\t<\/div>\n\t\t\t\t<\/div>\n\t\t\t\t<div class=\"elementor-element elementor-element-e9c5c1a elementor-widget elementor-widget-text-editor\" data-id=\"e9c5c1a\" data-element_type=\"widget\" data-widget_type=\"text-editor.default\">\n\t\t\t\t<div class=\"elementor-widget-container\">\n\t\t\t\t\t\t\t<p>Ji\u017e druhou generac\u00ed \u0159\u00edzen\u00fd podnik s ro\u010dn\u00edm obratem cca 10 mil. EUR nyn\u00ed pod zna\u010dkou BOKN\u00c4S Furniture Ltd.\u00a0vyr\u00e1b\u00ed\u00a0kvalitn\u00ed n\u00e1bytek z mas\u00edvn\u00edho b\u0159ezov\u00e9ho d\u0159eva ve dvou z\u00e1kladn\u00edch\u00a0designov\u00fdch \u0159ad\u00e1ch BOKN\u00c4S a VILLINKI. Tento n\u00e1bytek s citem pro tradici i detail poskytuje \u0161irokou nab\u00eddku mo\u017enost\u00ed jak za\u0159\u00eddit \u010di doplnit interi\u00e9r kancel\u00e1\u0159e, dom\u00e1c\u00ed pracovny, ob\u00fdvac\u00edho pokoje, j\u00eddelny \u010di lo\u017enice.<\/p><p>\u00a0<\/p>\t\t\t\t\t\t<\/div>\n\t\t\t\t<\/div>\n\t\t\t\t<div class=\"elementor-element elementor-element-62e2ce1 elementor-widget elementor-widget-image\" data-id=\"62e2ce1\" data-element_type=\"widget\" data-widget_type=\"image.default\">\n\t\t\t\t<div class=\"elementor-widget-container\">\n\t\t\t\t\t\t\t\t\t\t\t\t\t\t\t<img loading=\"lazy\" decoding=\"async\" width=\"200\" height=\"60\" src=\"https:\/\/www.boknas.cz\/wp-content\/uploads\/2023\/03\/Expatria_logo_200x60.jpg\" class=\"attachment-full size-full wp-image-2072\" alt=\"\" \/>\t\t\t\t\t\t\t\t\t\t\t\t\t\t\t<\/div>\n\t\t\t\t<\/div>\n\t\t\t\t<div class=\"elementor-element elementor-element-adfec6a elementor-widget elementor-widget-text-editor\" data-id=\"adfec6a\" data-element_type=\"widget\" data-widget_type=\"text-editor.default\">\n\t\t\t\t<div class=\"elementor-widget-container\">\n\t\t\t\t\t\t\t<p>N\u00e1bytek Bokn\u00e4s do \u010cesk\u00e9 republiky dov\u00e1\u017e\u00ed od roku 2000 firma EXPATRIA spol. s r.o.<\/p>\t\t\t\t\t\t<\/div>\n\t\t\t\t<\/div>\n\t\t\t\t\t<\/div>\n\t\t<\/div>\n\t\t\t\t\t\t\t<\/div>\n\t\t<\/section>\n\t\t\t\t<div class=\"elementor-element elementor-element-3405b8f elementor-widget elementor-widget-button\" data-id=\"3405b8f\" data-element_type=\"widget\" data-widget_type=\"button.default\">\n\t\t\t\t<div class=\"elementor-widget-container\">\n\t\t\t\t\t<div class=\"elementor-button-wrapper\">\n\t\t\t<a href=\"https:\/\/www.boknas.cz\/?page_id=357#kontakt\" class=\"elementor-button-link elementor-button elementor-size-sm\" role=\"button\">\n\t\t\t\t\t\t<span class=\"elementor-button-content-wrapper\">\n\t\t\t\t\t\t<span class=\"elementor-button-text\">Kontakt<\/span>\n\t\t<\/span>\n\t\t\t\t\t<\/a>\n\t\t<\/div>\n\t\t\t\t<\/div>\n\t\t\t\t<\/div>\n\t\t\t\t<div class=\"elementor-element elementor-element-d628bac gallery-spacing-custom elementor-widget elementor-widget-image-gallery\" data-id=\"d628bac\" data-element_type=\"widget\" data-widget_type=\"image-gallery.default\">\n\t\t\t\t<div class=\"elementor-widget-container\">\n\t\t\t<style>\/*! elementor - v3.11.5 - 14-03-2023 *\/\n.elementor-image-gallery .gallery-item{display:inline-block;text-align:center;vertical-align:top;width:100%;max-width:100%;margin:0 auto}.elementor-image-gallery .gallery-item img{margin:0 auto}.elementor-image-gallery .gallery-item .gallery-caption{margin:0}.elementor-image-gallery figure img{display:block}.elementor-image-gallery figure figcaption{width:100%}.gallery-spacing-custom .elementor-image-gallery .gallery-icon{padding:0}@media (min-width:768px){.elementor-image-gallery .gallery-columns-2 .gallery-item{max-width:50%}.elementor-image-gallery .gallery-columns-3 .gallery-item{max-width:33.33%}.elementor-image-gallery .gallery-columns-4 .gallery-item{max-width:25%}.elementor-image-gallery .gallery-columns-5 .gallery-item{max-width:20%}.elementor-image-gallery .gallery-columns-6 .gallery-item{max-width:16.666%}.elementor-image-gallery .gallery-columns-7 .gallery-item{max-width:14.28%}.elementor-image-gallery .gallery-columns-8 .gallery-item{max-width:12.5%}.elementor-image-gallery .gallery-columns-9 .gallery-item{max-width:11.11%}.elementor-image-gallery .gallery-columns-10 .gallery-item{max-width:10%}}@media (min-width:480px) and (max-width:767px){.elementor-image-gallery .gallery.gallery-columns-2 .gallery-item,.elementor-image-gallery .gallery.gallery-columns-3 .gallery-item,.elementor-image-gallery .gallery.gallery-columns-4 .gallery-item,.elementor-image-gallery .gallery.gallery-columns-5 .gallery-item,.elementor-image-gallery .gallery.gallery-columns-6 .gallery-item,.elementor-image-gallery .gallery.gallery-columns-7 .gallery-item,.elementor-image-gallery .gallery.gallery-columns-8 .gallery-item,.elementor-image-gallery .gallery.gallery-columns-9 .gallery-item,.elementor-image-gallery .gallery.gallery-columns-10 .gallery-item{max-width:50%}}@media (max-width:479px){.elementor-image-gallery .gallery.gallery-columns-2 .gallery-item,.elementor-image-gallery .gallery.gallery-columns-3 .gallery-item,.elementor-image-gallery .gallery.gallery-columns-4 .gallery-item,.elementor-image-gallery .gallery.gallery-columns-5 .gallery-item,.elementor-image-gallery .gallery.gallery-columns-6 .gallery-item,.elementor-image-gallery .gallery.gallery-columns-7 .gallery-item,.elementor-image-gallery .gallery.gallery-columns-8 .gallery-item,.elementor-image-gallery .gallery.gallery-columns-9 .gallery-item,.elementor-image-gallery .gallery.gallery-columns-10 .gallery-item{max-width:100%}}<\/style>\t\t<div class=\"elementor-image-gallery\">\n\t\t\t<div id='gallery-1' class='gallery galleryid-252 gallery-columns-3 gallery-size-full'><figure class='gallery-item'>\n\t\t\t<div class='gallery-icon landscape'>\n\t\t\t\t<a data-elementor-open-lightbox=\"yes\" data-elementor-lightbox-slideshow=\"d628bac\" data-elementor-lightbox-title=\"15Knihovna Boknasv bilem lakovanem proveden\u00ed\" data-e-action-hash=\"#elementor-action%3Aaction%3Dlightbox%26settings%3DeyJpZCI6MTQwNiwidXJsIjoiaHR0cHM6XC9cL3d3dy5ib2tuYXMuY3pcL3dwLWNvbnRlbnRcL3VwbG9hZHNcLzIwMjNcLzAzXC8xNUtuaWhvdm5hLUJva25hc3YtYmlsZW0tbGFrb3ZhbmVtLXByb3ZlZGVuaS5qcGciLCJzbGlkZXNob3ciOiJkNjI4YmFjIn0%3D\" href='https:\/\/www.boknas.cz\/wp-content\/uploads\/2023\/03\/15Knihovna-Boknasv-bilem-lakovanem-provedeni.jpg'><img loading=\"lazy\" decoding=\"async\" width=\"640\" height=\"480\" src=\"https:\/\/www.boknas.cz\/wp-content\/uploads\/2023\/03\/15Knihovna-Boknasv-bilem-lakovanem-provedeni.jpg\" class=\"attachment-full size-full\" alt=\"\" srcset=\"https:\/\/www.boknas.cz\/wp-content\/uploads\/2023\/03\/15Knihovna-Boknasv-bilem-lakovanem-provedeni.jpg 640w, https:\/\/www.boknas.cz\/wp-content\/uploads\/2023\/03\/15Knihovna-Boknasv-bilem-lakovanem-provedeni-600x450.jpg 600w, https:\/\/www.boknas.cz\/wp-content\/uploads\/2023\/03\/15Knihovna-Boknasv-bilem-lakovanem-provedeni-300x225.jpg 300w\" sizes=\"auto, (max-width: 640px) 100vw, 640px\" \/><\/a>\n\t\t\t<\/div><\/figure><figure class='gallery-item'>\n\t\t\t<div class='gallery-icon landscape'>\n\t\t\t\t<a data-elementor-open-lightbox=\"yes\" data-elementor-lightbox-slideshow=\"d628bac\" data-elementor-lightbox-title=\"1_n\u00e1bytek Boknas\" data-e-action-hash=\"#elementor-action%3Aaction%3Dlightbox%26settings%3DeyJpZCI6MTM5OCwidXJsIjoiaHR0cHM6XC9cL3d3dy5ib2tuYXMuY3pcL3dwLWNvbnRlbnRcL3VwbG9hZHNcLzIwMjNcLzAzXC8xX25hYnl0ZWstQm9rbmFzLmpwZyIsInNsaWRlc2hvdyI6ImQ2MjhiYWMifQ%3D%3D\" href='https:\/\/www.boknas.cz\/wp-content\/uploads\/2023\/03\/1_nabytek-Boknas.jpg'><img loading=\"lazy\" decoding=\"async\" width=\"640\" height=\"480\" src=\"https:\/\/www.boknas.cz\/wp-content\/uploads\/2023\/03\/1_nabytek-Boknas.jpg\" class=\"attachment-full size-full\" alt=\"\" srcset=\"https:\/\/www.boknas.cz\/wp-content\/uploads\/2023\/03\/1_nabytek-Boknas.jpg 640w, https:\/\/www.boknas.cz\/wp-content\/uploads\/2023\/03\/1_nabytek-Boknas-600x450.jpg 600w, https:\/\/www.boknas.cz\/wp-content\/uploads\/2023\/03\/1_nabytek-Boknas-300x225.jpg 300w\" sizes=\"auto, (max-width: 640px) 100vw, 640px\" \/><\/a>\n\t\t\t<\/div><\/figure><figure class='gallery-item'>\n\t\t\t<div class='gallery-icon landscape'>\n\t\t\t\t<a data-elementor-open-lightbox=\"yes\" data-elementor-lightbox-slideshow=\"d628bac\" data-elementor-lightbox-title=\"2_sestava se z\u00e1suvkami a pln\u00fdmi posuvn\u00fdmi dv\u00ed\u0159ky\" data-e-action-hash=\"#elementor-action%3Aaction%3Dlightbox%26settings%3DeyJpZCI6MTM4NSwidXJsIjoiaHR0cHM6XC9cL3d3dy5ib2tuYXMuY3pcL3dwLWNvbnRlbnRcL3VwbG9hZHNcLzIwMjNcLzAzXC8yX3Nlc3RhdmEtc2UtemFzdXZrYW1pLWEtcGxueW1pLXBvc3V2bnltaS1kdmlya3kuanBnIiwic2xpZGVzaG93IjoiZDYyOGJhYyJ9\" href='https:\/\/www.boknas.cz\/wp-content\/uploads\/2023\/03\/2_sestava-se-zasuvkami-a-plnymi-posuvnymi-dvirky.jpg'><img loading=\"lazy\" decoding=\"async\" width=\"640\" height=\"480\" src=\"https:\/\/www.boknas.cz\/wp-content\/uploads\/2023\/03\/2_sestava-se-zasuvkami-a-plnymi-posuvnymi-dvirky.jpg\" class=\"attachment-full size-full\" alt=\"\" srcset=\"https:\/\/www.boknas.cz\/wp-content\/uploads\/2023\/03\/2_sestava-se-zasuvkami-a-plnymi-posuvnymi-dvirky.jpg 640w, https:\/\/www.boknas.cz\/wp-content\/uploads\/2023\/03\/2_sestava-se-zasuvkami-a-plnymi-posuvnymi-dvirky-600x450.jpg 600w, https:\/\/www.boknas.cz\/wp-content\/uploads\/2023\/03\/2_sestava-se-zasuvkami-a-plnymi-posuvnymi-dvirky-300x225.jpg 300w\" sizes=\"auto, (max-width: 640px) 100vw, 640px\" \/><\/a>\n\t\t\t<\/div><\/figure><figure class='gallery-item'>\n\t\t\t<div class='gallery-icon landscape'>\n\t\t\t\t<a data-elementor-open-lightbox=\"yes\" data-elementor-lightbox-slideshow=\"d628bac\" data-elementor-lightbox-title=\"7e71472aadd3bad9ba7091a4db800d593e579556_uploaded_001\" data-e-action-hash=\"#elementor-action%3Aaction%3Dlightbox%26settings%3DeyJpZCI6MTMwNCwidXJsIjoiaHR0cHM6XC9cL3d3dy5ib2tuYXMuY3pcL3dwLWNvbnRlbnRcL3VwbG9hZHNcLzIwMjNcLzAzXC83ZTcxNDcyYWFkZDNiYWQ5YmE3MDkxYTRkYjgwMGQ1OTNlNTc5NTU2X3VwbG9hZGVkXzAwMS5qcGciLCJzbGlkZXNob3ciOiJkNjI4YmFjIn0%3D\" href='https:\/\/www.boknas.cz\/wp-content\/uploads\/2023\/03\/7e71472aadd3bad9ba7091a4db800d593e579556_uploaded_001.jpg'><img loading=\"lazy\" decoding=\"async\" width=\"640\" height=\"480\" src=\"https:\/\/www.boknas.cz\/wp-content\/uploads\/2023\/03\/7e71472aadd3bad9ba7091a4db800d593e579556_uploaded_001.jpg\" class=\"attachment-full size-full\" alt=\"\" srcset=\"https:\/\/www.boknas.cz\/wp-content\/uploads\/2023\/03\/7e71472aadd3bad9ba7091a4db800d593e579556_uploaded_001.jpg 640w, https:\/\/www.boknas.cz\/wp-content\/uploads\/2023\/03\/7e71472aadd3bad9ba7091a4db800d593e579556_uploaded_001-600x450.jpg 600w, https:\/\/www.boknas.cz\/wp-content\/uploads\/2023\/03\/7e71472aadd3bad9ba7091a4db800d593e579556_uploaded_001-300x225.jpg 300w\" sizes=\"auto, (max-width: 640px) 100vw, 640px\" \/><\/a>\n\t\t\t<\/div><\/figure><figure class='gallery-item'>\n\t\t\t<div class='gallery-icon landscape'>\n\t\t\t\t<a data-elementor-open-lightbox=\"yes\" data-elementor-lightbox-slideshow=\"d628bac\" data-elementor-lightbox-title=\"13oto\u010dn\u00e1 miniknihovna\" data-e-action-hash=\"#elementor-action%3Aaction%3Dlightbox%26settings%3DeyJpZCI6MTM3MCwidXJsIjoiaHR0cHM6XC9cL3d3dy5ib2tuYXMuY3pcL3dwLWNvbnRlbnRcL3VwbG9hZHNcLzIwMjNcLzAzXC8xM290b2NuYS1taW5pa25paG92bmEuanBnIiwic2xpZGVzaG93IjoiZDYyOGJhYyJ9\" href='https:\/\/www.boknas.cz\/wp-content\/uploads\/2023\/03\/13otocna-miniknihovna.jpg'><img loading=\"lazy\" decoding=\"async\" width=\"640\" height=\"480\" src=\"https:\/\/www.boknas.cz\/wp-content\/uploads\/2023\/03\/13otocna-miniknihovna.jpg\" class=\"attachment-full size-full\" alt=\"\" srcset=\"https:\/\/www.boknas.cz\/wp-content\/uploads\/2023\/03\/13otocna-miniknihovna.jpg 640w, https:\/\/www.boknas.cz\/wp-content\/uploads\/2023\/03\/13otocna-miniknihovna-600x450.jpg 600w, https:\/\/www.boknas.cz\/wp-content\/uploads\/2023\/03\/13otocna-miniknihovna-300x225.jpg 300w\" sizes=\"auto, (max-width: 640px) 100vw, 640px\" \/><\/a>\n\t\t\t<\/div><\/figure><figure class='gallery-item'>\n\t\t\t<div class='gallery-icon landscape'>\n\t\t\t\t<a data-elementor-open-lightbox=\"yes\" data-elementor-lightbox-slideshow=\"d628bac\" data-elementor-lightbox-title=\"5 americky psaci stul s roletou\" data-e-action-hash=\"#elementor-action%3Aaction%3Dlightbox%26settings%3DeyJpZCI6MTM3MSwidXJsIjoiaHR0cHM6XC9cL3d3dy5ib2tuYXMuY3pcL3dwLWNvbnRlbnRcL3VwbG9hZHNcLzIwMjNcLzAzXC81LWFtZXJpY2t5LXBzYWNpLXN0dWwtcy1yb2xldG91LmpwZyIsInNsaWRlc2hvdyI6ImQ2MjhiYWMifQ%3D%3D\" href='https:\/\/www.boknas.cz\/wp-content\/uploads\/2023\/03\/5-americky-psaci-stul-s-roletou.jpg'><img loading=\"lazy\" decoding=\"async\" width=\"640\" height=\"480\" src=\"https:\/\/www.boknas.cz\/wp-content\/uploads\/2023\/03\/5-americky-psaci-stul-s-roletou.jpg\" class=\"attachment-full size-full\" alt=\"\" srcset=\"https:\/\/www.boknas.cz\/wp-content\/uploads\/2023\/03\/5-americky-psaci-stul-s-roletou.jpg 640w, https:\/\/www.boknas.cz\/wp-content\/uploads\/2023\/03\/5-americky-psaci-stul-s-roletou-600x450.jpg 600w, https:\/\/www.boknas.cz\/wp-content\/uploads\/2023\/03\/5-americky-psaci-stul-s-roletou-300x225.jpg 300w\" sizes=\"auto, (max-width: 640px) 100vw, 640px\" \/><\/a>\n\t\t\t<\/div><\/figure>\n\t\t<\/div>\n\t\t<\/div>\n\t\t\t\t<\/div>\n\t\t\t\t<\/div>\n\t\t\t\t\t<\/div>\n\t\t<\/div>\n\t\t\t\t\t\t\t<\/div>\n\t\t<\/section>\n\t\t\t\t\t\t\t<\/div>\n\t\t","protected":false},"excerpt":{"rendered":"<p>O firm\u011b Z\u00e1liba v antikv\u00e1rn\u00edch knih\u00e1ch a historick\u00e9m n\u00e1bytku byla inspirac\u00ed pro finskou rodinnou firmu, kter\u00e1 za\u010d\u00e1tkem 90. let 20. stolet\u00ed znovu o\u017eivila pod zna\u010dkou BJ\u00d6RKNAS v\u00fdrobu tradi\u010dn\u00edho a osv\u011bd\u010den\u00e9ho n\u00e1bytku, kter\u00fd je v \u010cesk\u00e9 republice zn\u00e1m\u00fd p\u0159edev\u0161\u00edm pod synonymem &#8222;americk\u00e9 knihovny&#8220; a &#8222;americk\u00e9 psac\u00ed stoly&#8220;. \u00a0 Ji\u017e druhou generac\u00ed \u0159\u00edzen\u00fd podnik s ro\u010dn\u00edm obratem &hellip;<\/p>\n<p class=\"read-more\"> <a class=\"\" href=\"https:\/\/www.boknas.cz\/?page_id=252\"> <span class=\"screen-reader-text\">O firm\u011b<\/span> Pokra\u010dovat ve \u010dten\u00ed &raquo;<\/a><\/p>\n","protected":false},"author":1,"featured_media":0,"parent":0,"menu_order":0,"comment_status":"closed","ping_status":"closed","template":"","meta":{"_uag_custom_page_level_css":"","site-sidebar-layout":"no-sidebar","site-content-layout":"page-builder","ast-global-header-display":"","ast-main-header-display":"","ast-hfb-above-header-display":"","ast-hfb-below-header-display":"","ast-hfb-mobile-header-display":"","site-post-title":"disabled","ast-breadcrumbs-content":"disabled","ast-featured-img":"disabled","footer-sml-layout":"","theme-transparent-header-meta":"default","adv-header-id-meta":"","stick-header-meta":"","header-above-stick-meta":"","header-main-stick-meta":"","header-below-stick-meta":"","footnotes":""},"class_list":["post-252","page","type-page","status-publish","hentry"],"uagb_featured_image_src":{"full":false,"thumbnail":false,"medium":false,"medium_large":false,"large":false,"1536x1536":false,"2048x2048":false,"woocommerce_thumbnail":false,"woocommerce_single":false,"woocommerce_gallery_thumbnail":false},"uagb_author_info":{"display_name":"boknascz","author_link":"https:\/\/www.boknas.cz\/?author=1"},"uagb_comment_info":0,"uagb_excerpt":"O firm\u011b Z\u00e1liba v antikv\u00e1rn\u00edch knih\u00e1ch a historick\u00e9m n\u00e1bytku byla inspirac\u00ed pro finskou rodinnou firmu, kter\u00e1 za\u010d\u00e1tkem 90. let 20. stolet\u00ed znovu o\u017eivila pod zna\u010dkou BJ\u00d6RKNAS v\u00fdrobu tradi\u010dn\u00edho a osv\u011bd\u010den\u00e9ho n\u00e1bytku, kter\u00fd je v \u010cesk\u00e9 republice zn\u00e1m\u00fd p\u0159edev\u0161\u00edm pod synonymem &#8222;americk\u00e9 knihovny&#8220; a &#8222;americk\u00e9 psac\u00ed stoly&#8220;. \u00a0 Ji\u017e druhou generac\u00ed \u0159\u00edzen\u00fd podnik s ro\u010dn\u00edm obratem&hellip;","_links":{"self":[{"href":"https:\/\/www.boknas.cz\/index.php?rest_route=\/wp\/v2\/pages\/252","targetHints":{"allow":["GET"]}}],"collection":[{"href":"https:\/\/www.boknas.cz\/index.php?rest_route=\/wp\/v2\/pages"}],"about":[{"href":"https:\/\/www.boknas.cz\/index.php?rest_route=\/wp\/v2\/types\/page"}],"author":[{"embeddable":true,"href":"https:\/\/www.boknas.cz\/index.php?rest_route=\/wp\/v2\/users\/1"}],"replies":[{"embeddable":true,"href":"https:\/\/www.boknas.cz\/index.php?rest_route=%2Fwp%2Fv2%2Fcomments&post=252"}],"version-history":[{"count":64,"href":"https:\/\/www.boknas.cz\/index.php?rest_route=\/wp\/v2\/pages\/252\/revisions"}],"predecessor-version":[{"id":2136,"href":"https:\/\/www.boknas.cz\/index.php?rest_route=\/wp\/v2\/pages\/252\/revisions\/2136"}],"wp:attachment":[{"href":"https:\/\/www.boknas.cz\/index.php?rest_route=%2Fwp%2Fv2%2Fmedia&parent=252"}],"curies":[{"name":"wp","href":"https:\/\/api.w.org\/{rel}","templated":true}]}}