{"id":1674,"date":"2023-03-23T15:28:48","date_gmt":"2023-03-23T15:28:48","guid":{"rendered":"http:\/\/www.boknas.cz.uvirt129.active24.cz\/?page_id=1674"},"modified":"2023-05-16T11:08:55","modified_gmt":"2023-05-16T11:08:55","slug":"prodej","status":"publish","type":"page","link":"https:\/\/www.boknas.cz\/?page_id=1674","title":{"rendered":"Prodej"},"content":{"rendered":"\t\t<div data-elementor-type=\"wp-page\" data-elementor-id=\"1674\" class=\"elementor elementor-1674\">\n\t\t\t\t\t\t\t\t\t<section class=\"elementor-section elementor-top-section elementor-element elementor-element-8bf690a elementor-section-boxed elementor-section-height-default elementor-section-height-default\" data-id=\"8bf690a\" data-element_type=\"section\">\n\t\t\t\t\t\t<div class=\"elementor-container elementor-column-gap-default\">\n\t\t\t\t\t<div class=\"elementor-column elementor-col-100 elementor-top-column elementor-element elementor-element-df22741\" data-id=\"df22741\" data-element_type=\"column\">\n\t\t\t<div class=\"elementor-widget-wrap elementor-element-populated\">\n\t\t\t\t\t\t\t\t<div class=\"elementor-element elementor-element-f59ea9d elementor-widget elementor-widget-heading\" data-id=\"f59ea9d\" data-element_type=\"widget\" data-widget_type=\"heading.default\">\n\t\t\t\t<div class=\"elementor-widget-container\">\n\t\t\t<style>\/*! elementor - v3.11.5 - 14-03-2023 *\/\n.elementor-heading-title{padding:0;margin:0;line-height:1}.elementor-widget-heading .elementor-heading-title[class*=elementor-size-]>a{color:inherit;font-size:inherit;line-height:inherit}.elementor-widget-heading .elementor-heading-title.elementor-size-small{font-size:15px}.elementor-widget-heading .elementor-heading-title.elementor-size-medium{font-size:19px}.elementor-widget-heading .elementor-heading-title.elementor-size-large{font-size:29px}.elementor-widget-heading .elementor-heading-title.elementor-size-xl{font-size:39px}.elementor-widget-heading .elementor-heading-title.elementor-size-xxl{font-size:59px}<\/style><h2 class=\"elementor-heading-title elementor-size-default\">Prodej<\/h2>\t\t<\/div>\n\t\t\t\t<\/div>\n\t\t\t\t\t<\/div>\n\t\t<\/div>\n\t\t\t\t\t\t\t<\/div>\n\t\t<\/section>\n\t\t\t\t<section class=\"elementor-section elementor-top-section elementor-element elementor-element-22840cd elementor-section-boxed elementor-section-height-default elementor-section-height-default\" data-id=\"22840cd\" data-element_type=\"section\">\n\t\t\t\t\t\t<div class=\"elementor-container elementor-column-gap-default\">\n\t\t\t\t\t<div class=\"elementor-column elementor-col-100 elementor-top-column elementor-element elementor-element-7037daa\" data-id=\"7037daa\" data-element_type=\"column\">\n\t\t\t<div class=\"elementor-widget-wrap elementor-element-populated\">\n\t\t\t\t\t\t\t\t<div class=\"elementor-element elementor-element-4604aa9 elementor-widget elementor-widget-heading\" data-id=\"4604aa9\" data-element_type=\"widget\" data-widget_type=\"heading.default\">\n\t\t\t\t<div class=\"elementor-widget-container\">\n\t\t\t<h4 class=\"elementor-heading-title elementor-size-default\">Prodejna Bokn\u00e4s, Dlouh\u00e1 36, Praha 1<\/h4>\t\t<\/div>\n\t\t\t\t<\/div>\n\t\t\t\t<div class=\"elementor-element elementor-element-58aa992 elementor-widget elementor-widget-text-editor\" data-id=\"58aa992\" data-element_type=\"widget\" data-widget_type=\"text-editor.default\">\n\t\t\t\t<div class=\"elementor-widget-container\">\n\t\t\t<style>\/*! elementor - v3.11.5 - 14-03-2023 *\/\n.elementor-widget-text-editor.elementor-drop-cap-view-stacked .elementor-drop-cap{background-color:#818a91;color:#fff}.elementor-widget-text-editor.elementor-drop-cap-view-framed .elementor-drop-cap{color:#818a91;border:3px solid;background-color:transparent}.elementor-widget-text-editor:not(.elementor-drop-cap-view-default) .elementor-drop-cap{margin-top:8px}.elementor-widget-text-editor:not(.elementor-drop-cap-view-default) .elementor-drop-cap-letter{width:1em;height:1em}.elementor-widget-text-editor .elementor-drop-cap{float:left;text-align:center;line-height:1;font-size:50px}.elementor-widget-text-editor .elementor-drop-cap-letter{display:inline-block}<\/style>\t\t\t\t<p>N\u00e1bytek BOKN\u00c4S a VILLINKI V\u00e1m r\u00e1di p\u0159edvedeme v na\u0161\u00ed vzorkov\u00e9 prodejn\u011b.\u00a0<\/p><p>Individu\u00e1ln\u00ed prezentaci mimo otev\u00edrac\u00ed dobu \u010di konzultaci\u00a0<span style=\"font-style: inherit; font-weight: inherit; background-color: var(--ast-global-color-4); color: var(--ast-global-color-3);\">je mo\u017en\u00e9 domluvit na tel.: +420 602 976 232<\/span><\/p>\t\t\t\t\t\t<\/div>\n\t\t\t\t<\/div>\n\t\t\t\t\t<\/div>\n\t\t<\/div>\n\t\t\t\t\t\t\t<\/div>\n\t\t<\/section>\n\t\t\t\t<section class=\"elementor-section elementor-top-section elementor-element elementor-element-61f6a69 elementor-section-boxed elementor-section-height-default elementor-section-height-default\" data-id=\"61f6a69\" data-element_type=\"section\">\n\t\t\t\t\t\t<div class=\"elementor-container elementor-column-gap-default\">\n\t\t\t\t\t<div class=\"elementor-column elementor-col-25 elementor-top-column elementor-element elementor-element-72b875b\" data-id=\"72b875b\" data-element_type=\"column\">\n\t\t\t<div class=\"elementor-widget-wrap elementor-element-populated\">\n\t\t\t\t\t\t\t\t<div class=\"elementor-element elementor-element-15fd0c0 elementor-widget elementor-widget-image\" data-id=\"15fd0c0\" data-element_type=\"widget\" data-widget_type=\"image.default\">\n\t\t\t\t<div class=\"elementor-widget-container\">\n\t\t\t<style>\/*! elementor - v3.11.5 - 14-03-2023 *\/\n.elementor-widget-image{text-align:center}.elementor-widget-image a{display:inline-block}.elementor-widget-image a img[src$=\".svg\"]{width:48px}.elementor-widget-image img{vertical-align:middle;display:inline-block}<\/style>\t\t\t\t\t\t\t\t\t\t\t\t<img loading=\"lazy\" decoding=\"async\" width=\"177\" height=\"161\" src=\"https:\/\/www.boknas.cz\/wp-content\/uploads\/2023\/03\/ed395cad59a604038e54f78188a6db3d9b692a3e_uploaded_prodejna-Boknas-1d-1.jpg\" class=\"attachment-large size-large wp-image-1941\" alt=\"\" \/>\t\t\t\t\t\t\t\t\t\t\t\t\t\t\t<\/div>\n\t\t\t\t<\/div>\n\t\t\t\t\t<\/div>\n\t\t<\/div>\n\t\t\t\t<div class=\"elementor-column elementor-col-25 elementor-top-column elementor-element elementor-element-c3fdd05\" data-id=\"c3fdd05\" data-element_type=\"column\">\n\t\t\t<div class=\"elementor-widget-wrap elementor-element-populated\">\n\t\t\t\t\t\t\t\t<div class=\"elementor-element elementor-element-b3b7544 elementor-widget elementor-widget-image\" data-id=\"b3b7544\" data-element_type=\"widget\" data-widget_type=\"image.default\">\n\t\t\t\t<div class=\"elementor-widget-container\">\n\t\t\t\t\t\t\t\t\t\t\t\t\t\t\t<img loading=\"lazy\" decoding=\"async\" width=\"177\" height=\"161\" src=\"https:\/\/www.boknas.cz\/wp-content\/uploads\/2023\/03\/vzorkovna.jpg\" class=\"attachment-large size-large wp-image-1943\" alt=\"\" \/>\t\t\t\t\t\t\t\t\t\t\t\t\t\t\t<\/div>\n\t\t\t\t<\/div>\n\t\t\t\t\t<\/div>\n\t\t<\/div>\n\t\t\t\t<div class=\"elementor-column elementor-col-25 elementor-top-column elementor-element elementor-element-916a9c4\" data-id=\"916a9c4\" data-element_type=\"column\">\n\t\t\t<div class=\"elementor-widget-wrap elementor-element-populated\">\n\t\t\t\t\t\t\t\t<div class=\"elementor-element elementor-element-90aad21 elementor-widget elementor-widget-image\" data-id=\"90aad21\" data-element_type=\"widget\" data-widget_type=\"image.default\">\n\t\t\t\t<div class=\"elementor-widget-container\">\n\t\t\t\t\t\t\t\t\t\t\t\t\t\t\t<img loading=\"lazy\" decoding=\"async\" width=\"177\" height=\"161\" src=\"https:\/\/www.boknas.cz\/wp-content\/uploads\/2023\/03\/vzorkova-prodejna-boknas.jpg\" class=\"attachment-large size-large wp-image-1942\" alt=\"\" \/>\t\t\t\t\t\t\t\t\t\t\t\t\t\t\t<\/div>\n\t\t\t\t<\/div>\n\t\t\t\t\t<\/div>\n\t\t<\/div>\n\t\t\t\t<div class=\"elementor-column elementor-col-25 elementor-top-column elementor-element elementor-element-91289f4\" data-id=\"91289f4\" data-element_type=\"column\">\n\t\t\t<div class=\"elementor-widget-wrap elementor-element-populated\">\n\t\t\t\t\t\t\t\t<div class=\"elementor-element elementor-element-eeda515 elementor-widget elementor-widget-image\" data-id=\"eeda515\" data-element_type=\"widget\" data-widget_type=\"image.default\">\n\t\t\t\t<div class=\"elementor-widget-container\">\n\t\t\t\t\t\t\t\t\t\t\t\t\t\t\t<img loading=\"lazy\" decoding=\"async\" width=\"177\" height=\"160\" src=\"https:\/\/www.boknas.cz\/wp-content\/uploads\/2023\/03\/konzultant_01-1.jpg\" class=\"attachment-large size-large wp-image-1967\" alt=\"\" \/>\t\t\t\t\t\t\t\t\t\t\t\t\t\t\t<\/div>\n\t\t\t\t<\/div>\n\t\t\t\t\t<\/div>\n\t\t<\/div>\n\t\t\t\t\t\t\t<\/div>\n\t\t<\/section>\n\t\t\t\t<section class=\"elementor-section elementor-top-section elementor-element elementor-element-856747e elementor-section-boxed elementor-section-height-default elementor-section-height-default\" data-id=\"856747e\" data-element_type=\"section\">\n\t\t\t\t\t\t<div class=\"elementor-container elementor-column-gap-default\">\n\t\t\t\t\t<div class=\"elementor-column elementor-col-100 elementor-top-column elementor-element elementor-element-5205b3f\" data-id=\"5205b3f\" data-element_type=\"column\">\n\t\t\t<div class=\"elementor-widget-wrap elementor-element-populated\">\n\t\t\t\t\t\t\t\t<div class=\"elementor-element elementor-element-a5d05b2 elementor-widget elementor-widget-heading\" data-id=\"a5d05b2\" data-element_type=\"widget\" data-widget_type=\"heading.default\">\n\t\t\t\t<div class=\"elementor-widget-container\">\n\t\t\t<h4 class=\"elementor-heading-title elementor-size-default\">Pro prodejce<\/h4>\t\t<\/div>\n\t\t\t\t<\/div>\n\t\t\t\t<div class=\"elementor-element elementor-element-818b6f0 elementor-widget elementor-widget-text-editor\" data-id=\"818b6f0\" data-element_type=\"widget\" data-widget_type=\"text-editor.default\">\n\t\t\t\t<div class=\"elementor-widget-container\">\n\t\t\t\t\t\t\t<p>M\u011bli byste z\u00e1jem n\u00e1bytek BOKN\u00c4S prod\u00e1vat ve Va\u0161\u00ed prodejn\u011b?<\/p><p>Nev\u00e1hejte a kontaktujte n\u00e1s:<\/p><p>Petr Svoboda<\/p><p>tel.: +420 602 613 465<\/p><p>e-mail: petr.svoboda@expatria.cz<\/p>\t\t\t\t\t\t<\/div>\n\t\t\t\t<\/div>\n\t\t\t\t\t<\/div>\n\t\t<\/div>\n\t\t\t\t\t\t\t<\/div>\n\t\t<\/section>\n\t\t\t\t<section class=\"elementor-section elementor-top-section elementor-element elementor-element-008d394 elementor-section-boxed elementor-section-height-default elementor-section-height-default\" data-id=\"008d394\" data-element_type=\"section\">\n\t\t\t\t\t\t<div class=\"elementor-container elementor-column-gap-default\">\n\t\t\t\t\t<div class=\"elementor-column elementor-col-33 elementor-top-column elementor-element elementor-element-4d71d62\" data-id=\"4d71d62\" data-element_type=\"column\">\n\t\t\t<div class=\"elementor-widget-wrap elementor-element-populated\">\n\t\t\t\t\t\t\t\t<div class=\"elementor-element elementor-element-308d421 elementor-widget elementor-widget-heading\" data-id=\"308d421\" data-element_type=\"widget\" data-widget_type=\"heading.default\">\n\t\t\t\t<div class=\"elementor-widget-container\">\n\t\t\t<h4 class=\"elementor-heading-title elementor-size-default\">Dodac\u00ed podm\u00ednky<\/h4>\t\t<\/div>\n\t\t\t\t<\/div>\n\t\t\t\t<div class=\"elementor-element elementor-element-b1c14ba elementor-widget elementor-widget-text-editor\" data-id=\"b1c14ba\" data-element_type=\"widget\" data-widget_type=\"text-editor.default\">\n\t\t\t\t<div class=\"elementor-widget-container\">\n\t\t\t\t\t\t\t<p>N\u00e1bytek ve standardn\u00edch barv\u00e1ch a proveden\u00ed &#8211; doba dod\u00e1n\u00ed 9 t\u00fddn\u016f.\u00a0<\/p><p><span style=\"font-style: inherit; font-weight: inherit; background-color: var(--ast-global-color-4); color: var(--ast-global-color-3);\">N\u00e1bytek na zak\u00e1zku &#8211; p\u0159\u00edplatek 10% &#8211; doba dod\u00e1n\u00ed 13 t\u00fddn\u016f.\u00a0<\/span><\/p><p>P\u0159i z\u00e1vazn\u00e9 objedn\u00e1vce je po\u017eadov\u00e1na z\u00e1loha ve v\u00fd\u0161i 50% z ceny.<\/p><p>\u00a0<\/p>\t\t\t\t\t\t<\/div>\n\t\t\t\t<\/div>\n\t\t\t\t\t<\/div>\n\t\t<\/div>\n\t\t\t\t<div class=\"elementor-column elementor-col-33 elementor-top-column elementor-element elementor-element-4d68314\" data-id=\"4d68314\" data-element_type=\"column\">\n\t\t\t<div class=\"elementor-widget-wrap elementor-element-populated\">\n\t\t\t\t\t\t\t\t<div class=\"elementor-element elementor-element-a242cbf elementor-widget elementor-widget-heading\" data-id=\"a242cbf\" data-element_type=\"widget\" data-widget_type=\"heading.default\">\n\t\t\t\t<div class=\"elementor-widget-container\">\n\t\t\t<h4 class=\"elementor-heading-title elementor-size-default\">Doprava a mont\u00e1\u017e<\/h4>\t\t<\/div>\n\t\t\t\t<\/div>\n\t\t\t\t<div class=\"elementor-element elementor-element-45c9975 elementor-widget elementor-widget-text-editor\" data-id=\"45c9975\" data-element_type=\"widget\" data-widget_type=\"text-editor.default\">\n\t\t\t\t<div class=\"elementor-widget-container\">\n\t\t\t\t\t\t\t<p style=\"font-size: 16px; font-style: normal; font-weight: 400;\">Doprava do 50 km je zdarma, nad 50km je \u00fa\u010dtov\u00e1no 20 K\u010d\/km.<\/p><p style=\"font-size: 16px; font-style: normal; font-weight: 400;\">Sestaven\u00ed n\u00e1bytku na m\u00edst\u011b je zdarma.<\/p><p>\u00a0<\/p>\t\t\t\t\t\t<\/div>\n\t\t\t\t<\/div>\n\t\t\t\t\t<\/div>\n\t\t<\/div>\n\t\t\t\t<div class=\"elementor-column elementor-col-33 elementor-top-column elementor-element elementor-element-267ac0b\" data-id=\"267ac0b\" data-element_type=\"column\">\n\t\t\t<div class=\"elementor-widget-wrap elementor-element-populated\">\n\t\t\t\t\t\t\t\t<div class=\"elementor-element elementor-element-56798a4 elementor-widget elementor-widget-heading\" data-id=\"56798a4\" data-element_type=\"widget\" data-widget_type=\"heading.default\">\n\t\t\t\t<div class=\"elementor-widget-container\">\n\t\t\t<h4 class=\"elementor-heading-title elementor-size-default\">Slu\u017eby architekta<\/h4>\t\t<\/div>\n\t\t\t\t<\/div>\n\t\t\t\t<div class=\"elementor-element elementor-element-6e43a83 elementor-widget elementor-widget-text-editor\" data-id=\"6e43a83\" data-element_type=\"widget\" data-widget_type=\"text-editor.default\">\n\t\t\t\t<div class=\"elementor-widget-container\">\n\t\t\t\t\t\t\t<p>V p\u0159\u00edpad\u011b z\u00e1jmu lze dohodnout a objednat slu\u017eby architekta, konzultaci, n\u00e1vrh interi\u00e9ru \u010di zam\u011b\u0159en\u00ed na m\u00edst\u011b.\u00a0<\/p><p>\u00a0<\/p>\t\t\t\t\t\t<\/div>\n\t\t\t\t<\/div>\n\t\t\t\t\t<\/div>\n\t\t<\/div>\n\t\t\t\t\t\t\t<\/div>\n\t\t<\/section>\n\t\t\t\t<section class=\"elementor-section elementor-top-section elementor-element elementor-element-527ca10 elementor-section-boxed elementor-section-height-default elementor-section-height-default\" data-id=\"527ca10\" data-element_type=\"section\">\n\t\t\t\t\t\t<div class=\"elementor-container elementor-column-gap-default\">\n\t\t\t\t\t<div class=\"elementor-column elementor-col-100 elementor-top-column elementor-element elementor-element-f38d682\" data-id=\"f38d682\" data-element_type=\"column\">\n\t\t\t<div class=\"elementor-widget-wrap elementor-element-populated\">\n\t\t\t\t\t\t\t\t<div class=\"elementor-element elementor-element-e2fd446 elementor-widget elementor-widget-button\" data-id=\"e2fd446\" data-element_type=\"widget\" data-widget_type=\"button.default\">\n\t\t\t\t<div class=\"elementor-widget-container\">\n\t\t\t\t\t<div class=\"elementor-button-wrapper\">\n\t\t\t<a href=\"https:\/\/www.boknas.cz\/?page_id=357#kontakt\" class=\"elementor-button-link elementor-button elementor-size-sm\" role=\"button\">\n\t\t\t\t\t\t<span class=\"elementor-button-content-wrapper\">\n\t\t\t\t\t\t<span class=\"elementor-button-text\">Kontakt a otev\u00edrac\u00ed doba<\/span>\n\t\t<\/span>\n\t\t\t\t\t<\/a>\n\t\t<\/div>\n\t\t\t\t<\/div>\n\t\t\t\t<\/div>\n\t\t\t\t\t<\/div>\n\t\t<\/div>\n\t\t\t\t\t\t\t<\/div>\n\t\t<\/section>\n\t\t\t\t\t\t\t<\/div>\n\t\t","protected":false},"excerpt":{"rendered":"<p>Prodej Prodejna Bokn\u00e4s, Dlouh\u00e1 36, Praha 1 N\u00e1bytek BOKN\u00c4S a VILLINKI V\u00e1m r\u00e1di p\u0159edvedeme v na\u0161\u00ed vzorkov\u00e9 prodejn\u011b.\u00a0 Individu\u00e1ln\u00ed prezentaci mimo otev\u00edrac\u00ed dobu \u010di konzultaci\u00a0je mo\u017en\u00e9 domluvit na tel.: +420 602 976 232 Pro prodejce M\u011bli byste z\u00e1jem n\u00e1bytek BOKN\u00c4S prod\u00e1vat ve Va\u0161\u00ed prodejn\u011b? Nev\u00e1hejte a kontaktujte n\u00e1s: Petr Svoboda tel.: +420 602 613 465 &hellip;<\/p>\n<p class=\"read-more\"> <a class=\"\" href=\"https:\/\/www.boknas.cz\/?page_id=1674\"> <span class=\"screen-reader-text\">Prodej<\/span> Pokra\u010dovat ve \u010dten\u00ed &raquo;<\/a><\/p>\n","protected":false},"author":1,"featured_media":0,"parent":0,"menu_order":0,"comment_status":"closed","ping_status":"closed","template":"","meta":{"_uag_custom_page_level_css":"","site-sidebar-layout":"no-sidebar","site-content-layout":"page-builder","ast-global-header-display":"","ast-main-header-display":"","ast-hfb-above-header-display":"","ast-hfb-below-header-display":"","ast-hfb-mobile-header-display":"","site-post-title":"disabled","ast-breadcrumbs-content":"","ast-featured-img":"disabled","footer-sml-layout":"","theme-transparent-header-meta":"","adv-header-id-meta":"","stick-header-meta":"","header-above-stick-meta":"","header-main-stick-meta":"","header-below-stick-meta":"","footnotes":""},"class_list":["post-1674","page","type-page","status-publish","hentry"],"uagb_featured_image_src":{"full":false,"thumbnail":false,"medium":false,"medium_large":false,"large":false,"1536x1536":false,"2048x2048":false,"woocommerce_thumbnail":false,"woocommerce_single":false,"woocommerce_gallery_thumbnail":false},"uagb_author_info":{"display_name":"boknascz","author_link":"https:\/\/www.boknas.cz\/?author=1"},"uagb_comment_info":0,"uagb_excerpt":"Prodej Prodejna Bokn\u00e4s, Dlouh\u00e1 36, Praha 1 N\u00e1bytek BOKN\u00c4S a VILLINKI V\u00e1m r\u00e1di p\u0159edvedeme v na\u0161\u00ed vzorkov\u00e9 prodejn\u011b.\u00a0 Individu\u00e1ln\u00ed prezentaci mimo otev\u00edrac\u00ed dobu \u010di konzultaci\u00a0je mo\u017en\u00e9 domluvit na tel.: +420 602 976 232 Pro prodejce M\u011bli byste z\u00e1jem n\u00e1bytek BOKN\u00c4S prod\u00e1vat ve Va\u0161\u00ed prodejn\u011b? Nev\u00e1hejte a kontaktujte n\u00e1s: Petr Svoboda tel.: +420 602 613 465&hellip;","_links":{"self":[{"href":"https:\/\/www.boknas.cz\/index.php?rest_route=\/wp\/v2\/pages\/1674","targetHints":{"allow":["GET"]}}],"collection":[{"href":"https:\/\/www.boknas.cz\/index.php?rest_route=\/wp\/v2\/pages"}],"about":[{"href":"https:\/\/www.boknas.cz\/index.php?rest_route=\/wp\/v2\/types\/page"}],"author":[{"embeddable":true,"href":"https:\/\/www.boknas.cz\/index.php?rest_route=\/wp\/v2\/users\/1"}],"replies":[{"embeddable":true,"href":"https:\/\/www.boknas.cz\/index.php?rest_route=%2Fwp%2Fv2%2Fcomments&post=1674"}],"version-history":[{"count":82,"href":"https:\/\/www.boknas.cz\/index.php?rest_route=\/wp\/v2\/pages\/1674\/revisions"}],"predecessor-version":[{"id":2233,"href":"https:\/\/www.boknas.cz\/index.php?rest_route=\/wp\/v2\/pages\/1674\/revisions\/2233"}],"wp:attachment":[{"href":"https:\/\/www.boknas.cz\/index.php?rest_route=%2Fwp%2Fv2%2Fmedia&parent=1674"}],"curies":[{"name":"wp","href":"https:\/\/api.w.org\/{rel}","templated":true}]}}